{"id":689,"date":"2019-05-14T14:57:23","date_gmt":"2019-05-14T12:57:23","guid":{"rendered":"https:\/\/www.kongresmakroekonomiczny.pl\/?page_id=689"},"modified":"2019-05-14T14:57:24","modified_gmt":"2019-05-14T12:57:24","slug":"i-kongres-makroekonomiczny","status":"publish","type":"page","link":"https:\/\/www.kongresmakroekonomiczny.pl\/index.php\/i-kongres-makroekonomiczny\/","title":{"rendered":"I KONGRES MAKROEKONOMICZNY"},"content":{"rendered":"\n<figure class=\"wp-block-image\"><img src=\"http:\/\/kongresmakroekonomiczny.pl\/assets\/img\/IMG_2925.jpg\" alt=\"\"\/><\/figure>\n\n\n\n<p>I Kongres Makroekonomiczny odby\u0142 si\u0119 27 listopada 2013 roku w Szkole G\u0142\u00f3wnej Handlowej w Warszawie. Organizatorami tego wydarzenia by\u0142o Studenckie Ko\u0142o Naukowe Finans\u00f3w Mi\u0119dzynarodowych (SKN FM) oraz Instytut Studi\u00f3w Ekonomiczno-Spo\u0142ecznych (ISES). Projekt zosta\u0142 r\u00f3wnie\u017c obj\u0119ty patronatem honorowym Jego Magnificencji Rektora SGH, prof. Tomasza Szapiro. Tematem przewodnim konferencji by\u0142a&nbsp;<strong>sytuacja makroekonomiczna naszego kraju.<\/strong>&nbsp;T\u0142umnie zabranych uczestnik\u00f3w w Auli I budynku C SGH w imieniu Rektora przywita\u0142a Dziekan Studium Magisterskiego, prof. Magdalena Kachniewska, tym samym otwieraj\u0105c konferencj\u0119.<\/p>\n\n\n\n<h1>WYK\u0141AD INAUGURACYJNY<\/h1>\n\n\n\n<h3>POLSKI NOWY Z\u0141OTY WIEK. Z EUROPEJSKICH PERYFERII DO CENTRUM<\/h3>\n\n\n\n<figure class=\"wp-block-image\"><img src=\"http:\/\/kongresmakroekonomiczny.pl\/assets\/img\/IMG_2906.jpg\" alt=\"\"\/><\/figure>\n\n\n\n<p>Po kilku s\u0142owach wst\u0119pu rozpocz\u0105\u0142 si\u0119 wyk\u0142ad inauguruj\u0105cy pt.&nbsp;<strong>\u201cPolski nowy z\u0142oty wiek. Z europejskich peryferii do centrum.\u201d<\/strong>&nbsp;poprowadzony przez&nbsp;<strong>dr Marcina Pi\u0105tkowskiego, starszego ekonomist\u0119 Banku \u015awiatowego.<\/strong>&nbsp;Dr Pi\u0105tkowski przedstawi\u0142 kilka odwa\u017cnych tez rozwoju polskiej gospodarki, kre\u015bl\u0105c przed naszym pa\u0144stwem teorie sta\u0142ego rozwoju oraz drzemi\u0105cych i ci\u0105gle niewykorzystywanych szans. Opinia ta spotka\u0142a si\u0119 z licznymi w\u0105tpliwo\u015bciami ze strony publiczno\u015bci. Co stymulowa\u0142o dyskusj\u0119 i pozwoli\u0142o doj\u015b\u0107 do pewnych konsensus\u00f3w. Dalsza cz\u0119\u015b\u0107 Kongresu Makroekonomicznego sk\u0142ada\u0142a si\u0119 z trzech paneli. W ka\u017cdym z nich udzia\u0142 wzi\u0119\u0142o czterech do\u015bwiadczonych ekonomist\u00f3w (trzech z nich pe\u0142ni\u0142o funkcje prelegent\u00f3w, jeden moderatora) oraz jeden student\/absolwent SKN FM (SGH) i r\u00f3wnocze\u015bnie cz\u0142onek ISES.<\/p>\n\n\n\n<h1>PANEL I<\/h1>\n\n\n\n<h3>POLITYKA MAKROOSTRO\u017bNO\u015aCIOWA A POLITYKA MONETARNA<\/h3>\n\n\n\n<figure class=\"wp-block-image\"><img src=\"http:\/\/kongresmakroekonomiczny.pl\/assets\/img\/IMG_2957_big.jpg\" alt=\"\"\/><\/figure>\n\n\n\n<p><strong>Uczestnicy panelu:<\/strong><\/p>\n\n\n\n<ul><li>prof. Micha\u0142 Brzoza-Brzezina (SGH, NBP) \u2013 moderator,<\/li><li>prof. Jan Winiecki (Rada Polityki Pieni\u0119\u017cnej, Towarzystwo Ekonomist\u00f3w Polskich),<\/li><li>dr Mariusz Zygierewicz (Zwi\u0105zek Bank\u00f3w Polskich), Witold Grostal (NBP),<\/li><li>Ale\u015b Alachnovi\u0107 (ISES, CASE Bia\u0142oru\u015b).<\/li><\/ul>\n\n\n\n<p>G\u0142\u00f3wne spektrum dyskusji ekonomist\u00f3w zgromadzonych w panelu pierwszym dotyczy\u0142o odpowiedzi na pytanie,&nbsp;<strong>czy polityka makroostro\u017cno\u015bciowa jest niezb\u0119dnym uzupe\u0142nieniem polityki pieni\u0119\u017cnej, czy te\u017c tylko chwilowo modnym narz\u0119dziem, kt\u00f3re nie ma uwarunkowa\u0144 do odgrywania istotnej roli w przysz\u0142o\u015bci.<\/strong>&nbsp;Wi\u0119kszo\u015b\u0107 prelegent\u00f3w widzia\u0142a g\u0142\u0119bszy sens polityki makroostro\u017cno\u015bciowej w d\u0142ugoletniej perspektywie. Ponadto, ekonomi\u015bci proponowali rozwi\u0105zania, kt\u00f3re mog\u0142yby przyczyni\u0107 si\u0119 do dobrego skoordynowania polityki pieni\u0119\u017cnej i makroostro\u017cno\u015bciowej.<\/p>\n\n\n\n<h1>PANEL II<\/h1>\n\n\n\n<h3>SYTUACJA MAKROEKONOMICZNA POLSKI<\/h3>\n\n\n\n<figure class=\"wp-block-image\"><img src=\"http:\/\/kongresmakroekonomiczny.pl\/assets\/img\/IMG_2981.jpg\" alt=\"\"\/><\/figure>\n\n\n\n<p><strong>Uczestnicy panelu:<\/strong><\/p>\n\n\n\n<ul><li>dr Marek Rozkrut (SGH, Ernst &amp; Young) \u2013 moderator,<\/li><li>dr Andrzej Rzo\u0144ca (Rada Polityki Pieni\u0119\u017cnej, SGH),<\/li><li>Ludwik Kotecki (Ministerstwo Finans\u00f3w),<\/li><li>dr Ernest Pytlarczyk (BRE Bank),<\/li><li>Jan Szumie\u0142 (ISES).<\/li><\/ul>\n\n\n\n<p>W tej cz\u0119\u015bci konferencji prelegenci skupili swoj\u0105 uwag\u0119 wok\u00f3\u0142&nbsp;<strong>\u017ar\u00f3de\u0142 wzrostu polskiej gospodarki w d\u0142u\u017cszej perspektywie<\/strong>. Zastanawiano si\u0119 nad przewagami oraz konkurencyjno\u015bci\u0105 Polski, kt\u00f3ra mog\u0142aby by\u0107 wykorzystana do stymulacji wzrostu gospodarczego. Ekonomi\u015bci dyskutowali r\u00f3wnie\u017c o dzia\u0142aniach instytucji publicznych, kt\u00f3re mog\u0142yby redukowa\u0107 bariery wzrostu w Polsce.<\/p>\n\n\n\n<h1>PANEL III<\/h1>\n\n\n\n<h3>PROGNOZY MAKROEKONOMICZNE PO KRYZYSIE<\/h3>\n\n\n\n<figure class=\"wp-block-image\"><img src=\"http:\/\/kongresmakroekonomiczny.pl\/assets\/img\/IMG_2997.jpg\" alt=\"\"\/><\/figure>\n\n\n\n<p><strong>Uczestnicy panelu:<\/strong><\/p>\n\n\n\n<ul><li>Ignacy Morawski (PBP Bank) \u2013 moderator,<\/li><li>prof. Maria Drozdowicz-Bie\u0107 (Instytut Rozwoju Gospodarczego SGH, BIEC),<\/li><li>dr Maciej Krzak (CASE),<\/li><li>Adam Czerniak (Polityka Insight, SGH),<\/li><li>Marcin Wolski (ISES, University of Amsterdam).<\/li><\/ul>\n\n\n\n<p>Dyskusja w tym panelu oscylowa\u0142a wok\u00f3\u0142 pytania&nbsp;<strong>dlaczego ekonomi\u015bci akademiccy nie przewidzieli kryzysu<\/strong>? Media, publicystyka popularno-naukowa, a czasami nawet niekt\u00f3re publikacje akademickie, cz\u0119sto podwa\u017caj\u0105 kompetencje ekonomist\u00f3w w prognozowaniu. Szczeg\u00f3lnie dotyczy to ekonomist\u00f3w rynkowych, kt\u00f3rzy traktowani s\u0105 czasami jako narz\u0119dzie marketingowe. Prelegenci panelu III zastanawiali si\u0119 jak w takich warunkach obroni\u0107 sens prognozowania oraz czy kryzys rzuci\u0142 nowe \u015bwiat\u0142o na warto\u015b\u0107 i znaczenie prognoz makroekonomicznych. Podj\u0119li r\u00f3wnie\u017c temat \u0142adu pokryzysowego w polskiej gospodarce.<\/p>\n\n\n\n<h3>OG\u0141OSZENIE ZWYCI\u0118ZCY KONKURSU AKE I WYK\u0141AD ZAMYKAJ\u0104CY PROF. CEZAREGO W\u00d3JCIKA<\/h3>\n\n\n\n<p>Po owocnych dyskusjach we wszystkich z trzech panel\u00f3w, uczestnicy Kongresu Makroekonomicznego poznali&nbsp;<strong>zwyci\u0119zc\u00f3w Akademickiego Konsensusu Ekonomicznego<\/strong>&nbsp;\u2013 innowacyjnego konkursu organizowanego przez SKN FM, polegaj\u0105cego na prognozowaniu sytuacji gospodarki polskiej. Nagrod\u0119 g\u0142\u00f3wn\u0105 pierwszej edycji konkursu z r\u0105k&nbsp;<strong>Jego Magnificencji Rektora SGH, prof. Tomasza Szapiro<\/strong>&nbsp;odebra\u0142&nbsp;<strong>Marcin Luzi\u0144ski<\/strong>.<\/p>\n\n\n\n<figure class=\"wp-block-image\"><img src=\"http:\/\/kongresmakroekonomiczny.pl\/assets\/img\/IMG_2989.jpg\" alt=\"\"\/><\/figure>\n\n\n\n<p>Ca\u0142y dzie\u0144 konstruktywnych dyskusji zako\u0144czy\u0142&nbsp;<strong>wyk\u0142ad prof. Cezarego W\u00f3jcika<\/strong>&nbsp;(INE PAN, SGH, Center for Leadership) na temat&nbsp;<strong>prawdziwych korzy\u015bci i koszt\u00f3w przyj\u0119cia euro w Polsce<\/strong>. Profesor W\u00f3jcik swoje wyst\u0105pienie zacz\u0105\u0142 od postawienia tezy, \u017ce Polska nie znajdzie si\u0119 w\u015br\u00f3d kraj\u00f3w Eurolandu co najmniej w ci\u0105gu dziesi\u0119ciu lat, a to z powodu zmian Konstytucji RP, kt\u00f3re musia\u0142yby by\u0107 wprowadzone aby przyj\u0105\u0107 euro. Zmiany te przy obecnej konfiguracji parlamentu s\u0105 niemo\u017cliwe a najbli\u017csze wybory nie zapowiadaj\u0105 powstania szerokiej koalicji rz\u0105dowej. Nast\u0119pnie wskaza\u0142 liczne pozytywne oraz negatywne strony przyj\u0119cia europejskiej waluty w Polsce, nie wysuwaj\u0105c jednoznacznej opinii na temat tego czy przyj\u0119cie euro przez nasz kraj by\u0142oby korzystne. Prof. W\u00f3jcik podkre\u015bli\u0142, \u017ce wiele zale\u017cy od kompetencji oraz rozs\u0105dnego my\u015blenia os\u00f3b, kt\u00f3re b\u0119d\u0105 kierowa\u0142y naszym pa\u0144stwem.<\/p>\n\n\n\n<h2>PATRONI MERYTORYCZNI I MEDIALNI<\/h2>\n\n\n\n<h2 style=\"text-align:center\"><strong>PATRONAMI MERYTORYCZNYMI I KONGRESU MAKROEKONOMICZNEGO ZOSTALI<\/strong><\/h2>\n\n\n\n<figure class=\"wp-block-image\"><img src=\"http:\/\/kongresmakroekonomiczny.pl\/assets\/img\/patroni\/patroni-pierwszy-kongres.jpg\" alt=\"\"\/><\/figure>\n\n\n\n<h2 style=\"text-align:center\"><strong>PATRONAT MEDIALNY NAD KONGRESEM OBJ\u0118LI<\/strong><\/h2>\n\n\n\n<figure class=\"wp-block-image\"><img src=\"http:\/\/kongresmakroekonomiczny.pl\/assets\/img\/patroni\/patroni-med-pierwszy-kongres.jpg\" alt=\"\"\/><\/figure>\n\n\n\n<p><\/p>\n","protected":false},"excerpt":{"rendered":"<p>I Kongres Makroekonomiczny odby\u0142 si\u0119 27 listopada 2013 roku w Szkole G\u0142\u00f3wnej Handlowej w Warszawie. Organizatorami tego wydarzenia by\u0142o Studenckie Ko\u0142o Naukowe Finans\u00f3w Mi\u0119dzynarodowych (SKN FM) oraz Instytut Studi\u00f3w Ekonomiczno-Spo\u0142ecznych (ISES). Projekt zosta\u0142 r\u00f3wnie\u017c obj\u0119ty patronatem honorowym Jego Magnificencji Rektora SGH, prof. Tomasza Szapiro. Tematem przewodnim konferencji by\u0142a&nbsp;sytuacja makroekonomiczna naszego kraju.&nbsp;T\u0142umnie zabranych uczestnik\u00f3w w Auli&hellip;&nbsp;<a href=\"https:\/\/www.kongresmakroekonomiczny.pl\/index.php\/i-kongres-makroekonomiczny\/\" class=\"\" rel=\"bookmark\">Czytaj wi\u0119cej &raquo;<span class=\"screen-reader-text\">I KONGRES MAKROEKONOMICZNY<\/span><\/a><\/p>\n","protected":false},"author":1,"featured_media":0,"parent":0,"menu_order":0,"comment_status":"closed","ping_status":"closed","template":"","meta":[],"_links":{"self":[{"href":"https:\/\/www.kongresmakroekonomiczny.pl\/index.php\/wp-json\/wp\/v2\/pages\/689"}],"collection":[{"href":"https:\/\/www.kongresmakroekonomiczny.pl\/index.php\/wp-json\/wp\/v2\/pages"}],"about":[{"href":"https:\/\/www.kongresmakroekonomiczny.pl\/index.php\/wp-json\/wp\/v2\/types\/page"}],"author":[{"embeddable":true,"href":"https:\/\/www.kongresmakroekonomiczny.pl\/index.php\/wp-json\/wp\/v2\/users\/1"}],"replies":[{"embeddable":true,"href":"https:\/\/www.kongresmakroekonomiczny.pl\/index.php\/wp-json\/wp\/v2\/comments?post=689"}],"version-history":[{"count":1,"href":"https:\/\/www.kongresmakroekonomiczny.pl\/index.php\/wp-json\/wp\/v2\/pages\/689\/revisions"}],"predecessor-version":[{"id":690,"href":"https:\/\/www.kongresmakroekonomiczny.pl\/index.php\/wp-json\/wp\/v2\/pages\/689\/revisions\/690"}],"wp:attachment":[{"href":"https:\/\/www.kongresmakroekonomiczny.pl\/index.php\/wp-json\/wp\/v2\/media?parent=689"}],"curies":[{"name":"wp","href":"https:\/\/api.w.org\/{rel}","templated":true}]}}