{"id":705,"date":"2019-05-14T20:43:55","date_gmt":"2019-05-14T18:43:55","guid":{"rendered":"https:\/\/www.kongresmakroekonomiczny.pl\/?page_id=705"},"modified":"2019-05-14T21:51:18","modified_gmt":"2019-05-14T19:51:18","slug":"v-kongres-makroekonomiczny","status":"publish","type":"page","link":"https:\/\/www.kongresmakroekonomiczny.pl\/index.php\/v-kongres-makroekonomiczny\/","title":{"rendered":"V KONGRES MAKROEKONOMICZNY"},"content":{"rendered":"\n<figure class=\"wp-block-image\"><img loading=\"lazy\" width=\"1024\" height=\"683\" src=\"https:\/\/www.kongresmakroekonomiczny.pl\/wp-content\/uploads\/2019\/05\/01-1024x683.jpg\" alt=\"\" class=\"wp-image-706\" srcset=\"https:\/\/www.kongresmakroekonomiczny.pl\/wp-content\/uploads\/2019\/05\/01-1024x683.jpg 1024w, https:\/\/www.kongresmakroekonomiczny.pl\/wp-content\/uploads\/2019\/05\/01-300x200.jpg 300w, https:\/\/www.kongresmakroekonomiczny.pl\/wp-content\/uploads\/2019\/05\/01-768x512.jpg 768w, https:\/\/www.kongresmakroekonomiczny.pl\/wp-content\/uploads\/2019\/05\/01-930x620.jpg 930w\" sizes=\"(max-width: 1024px) 100vw, 1024px\" \/><\/figure>\n\n\n\n<h2 style=\"text-align:center\">TEMAT PRZEWODNI:<\/h2>\n\n\n\n<h1 style=\"text-align:center\">WYZWANIA MAKROEKONOMICZNE NAJBLI\u017bSZEJ DEKADY<\/h1>\n\n\n\n<h1 style=\"text-align:center\">POLICYMAKERS: KEYNOTE SPEECH<\/h1>\n\n\n\n<figure class=\"wp-block-image\"><img loading=\"lazy\" width=\"1024\" height=\"683\" src=\"https:\/\/www.kongresmakroekonomiczny.pl\/wp-content\/uploads\/2019\/05\/02-1024x683.jpg\" alt=\"\" class=\"wp-image-707\" srcset=\"https:\/\/www.kongresmakroekonomiczny.pl\/wp-content\/uploads\/2019\/05\/02-1024x683.jpg 1024w, https:\/\/www.kongresmakroekonomiczny.pl\/wp-content\/uploads\/2019\/05\/02-300x200.jpg 300w, https:\/\/www.kongresmakroekonomiczny.pl\/wp-content\/uploads\/2019\/05\/02-768x512.jpg 768w, https:\/\/www.kongresmakroekonomiczny.pl\/wp-content\/uploads\/2019\/05\/02-930x620.jpg 930w\" sizes=\"(max-width: 1024px) 100vw, 1024px\" \/><\/figure>\n\n\n\n<h3 style=\"text-align:center\">PROF. GRZEGORZ KO\u0141ODKO (CZTEROKROTNY WICEPREMIER I MINISTER FINANS\u00d3W)<\/h3>\n\n\n\n<h1 style=\"text-align:center\">ECONOMISTS: PANEL I<\/h1>\n\n\n\n<h3 style=\"text-align:center\">CZY OBSERWUJEMY\/MO\u017bEMY M\u00d3WI\u0106 O ZA\u0141AMANIU INTEGRACJI MI\u0118DZYNARODOWEJ W WYMIARZE GOSPODARCZYM?<\/h3>\n\n\n\n<p>Przez ostatnie dekady obserwowali\u015bmy wzrost powi\u0105za\u0144 mi\u0119dzynarodowych o charakterze gospodarczym. Mia\u0142y one swoje odzwierciedlenie zar\u00f3wno w gospodarce realnej, jak i w sektorze finansowym. Jednak w ostatnich latach obserwujemy pewne symptomy \u015bwiadcz\u0105ce o mo\u017cliwym odwr\u00f3ceniu tego trendu. Nale\u017c\u0105 do nich spadek dynamiki wzrostu \u015bwiatowego handlu, a tak\u017ce wzrost popularno\u015bci hase\u0142 protekcjonistycznych. Coraz cz\u0119\u015bciej mo\u017cna us\u0142ysze\u0107 g\u0142osy, \u017ce obecny system globalnej wymiany handlowej generuje wiele niesprawiedliwo\u015bci, a tak\u017ce jest niedostatecznie efektywny. Wszystko to sk\u0142ania nas do zadania pytania o przysz\u0142o\u015b\u0107 mi\u0119dzynarodowej integracji gospodarczej.<\/p>\n\n\n\n<ul><li>Czy w ostatnich latach rzeczywi\u015bcie obserwujemy odwr\u00f3t od globalizacji?<\/li><li>Czy mo\u017cliwa jest mi\u0119dzynarodowa integracja gospodarcza do wyboru(a\u2019la carte)? Czy mo\u017cliwe jest otwarcie jest otwarcie gospodarek jedynie w zakresie wymiany towar\u00f3w, ale ju\u017c nie w zakresie wymiany kapita\u0142u?<\/li><li>Przysz\u0142o\u015b\u0107 globalizacji \u2013 umowy mi\u0119dzynarodowe czy struktury organizacyjne?<\/li><li>Czy obserwowane obecnie trendy w zakresie mi\u0119dzynarodowej integracji gospodarczej mog\u0105 zaszkodzi\u0107 planom polskiego Rz\u0105du okre\u015blonym w Strategii Odpowiedzialnego Rozwoju(kt\u00f3ra zak\u0142ada m.in. ekspansj\u0119 zagraniczn\u0105 polskich firm)?<\/li><\/ul>\n\n\n\n<p><strong>Moderator:<\/strong><\/p>\n\n\n\n<ul><li>Red. Maciej G\u0142ogowski (TOK FM)<\/li><\/ul>\n\n\n\n<p><strong>Prelegenci:<\/strong><\/p>\n\n\n\n<ul><li>Leszek Skiba (wiceminister finans\u00f3w),<\/li><li>dr Piotr Maszczyk (SGH),<\/li><li>Grzegorz Zieli\u0144ski (EBOiR),<\/li><li>Marta Korczak (ISES, absolwentka SKN FM).<\/li><\/ul>\n\n\n\n<h1 style=\"text-align:center\">BUSINESSMEN: PANEL II<\/h1>\n\n\n\n<h3 style=\"text-align:center\">PRZYSZ\u0141O\u015a\u0106 PRACY<\/h3>\n\n\n\n<p>Okresy szybkich zmian technologicznych by\u0142y cz\u0119sto negatywnie odbierane przez pracownik\u00f3w. Do rangi symbolu ur\u00f3s\u0142 ruch luddyst\u00f3w, kt\u00f3ry w ramach strachu przed utrat\u0105 pracy na rzecz maszyn, posuwa\u0142 si\u0119 do ich niszczenia. Mo\u017cna jednak stwierdzi\u0107, \u017ce do tej pory zmiany technologiczne tworzy\u0142y wi\u0119cej miejsc pracy ni\u017c niszczy\u0142y. W ostatnich latach pojawi\u0142o si\u0119 wiele publikacji, w kt\u00f3rych autorzy podkre\u015blali odmienny charakter zbli\u017caj\u0105cej si\u0119 rewolucji technologicznej. Ich zdaniem tym razem istnieje rzeczywista obawa utraty znacznej cz\u0119\u015bci miejsc pracy.<\/p>\n\n\n\n<ul><li>Czy obecnie obserwowane zmiany technologiczne rzeczywi\u015bcie gro\u017c\u0105 masowym bezrobociem?<\/li><li>Czy wprowadzanie nowych technologii uzasadniaj\u0105 wprowadzenie bezwarunkowego dochodu podstawowego?<\/li><li>Czy powstanie nowych modeli biznesowych(typu: UBER; AirBnB) wymusza nowe sposoby opodatkowania?<\/li><li>Na czyj\u0105 korzy\u015b\u0107 zmieni\u0105 si\u0119 relacje na linii pracodawca-pracownik?<\/li><li>Czy ludzko\u015b\u0107 mo\u017ce zachowa\u0107 ca\u0142kowit\u0105 kontrol\u0119 nad post\u0119pem technologicznym(w kontek\u015bcie sztucznej inteligencji)?<\/li><\/ul>\n\n\n\n<p><strong>Moderator:<\/strong><\/p>\n\n\n\n<ul><li>Red. Grzegorz Siemionczyk (Rzeczpospolita)<\/li><\/ul>\n\n\n\n<p><strong>Prelegenci:<\/strong><\/p>\n\n\n\n<ul><li>dr Adam Czerniak (SGH, Polityka Insight),<\/li><li>\u0141ukasz Koz\u0142owski (Pracodawcy RP),<\/li><li>Prof. Marek G\u00f3ra (SGH),<\/li><li>Piotr Palutkiewicz (ISES, Instigos).<\/li><\/ul>\n\n\n\n<h1 style=\"text-align:center\">PARTNER STRATEGICZNY<\/h1>\n\n\n\n<figure class=\"wp-block-image\"><img loading=\"lazy\" width=\"800\" height=\"800\" src=\"https:\/\/www.kongresmakroekonomiczny.pl\/wp-content\/uploads\/2019\/05\/goldman-kopia-1.jpg\" alt=\"\" class=\"wp-image-708\" srcset=\"https:\/\/www.kongresmakroekonomiczny.pl\/wp-content\/uploads\/2019\/05\/goldman-kopia-1.jpg 800w, https:\/\/www.kongresmakroekonomiczny.pl\/wp-content\/uploads\/2019\/05\/goldman-kopia-1-150x150.jpg 150w, https:\/\/www.kongresmakroekonomiczny.pl\/wp-content\/uploads\/2019\/05\/goldman-kopia-1-300x300.jpg 300w, https:\/\/www.kongresmakroekonomiczny.pl\/wp-content\/uploads\/2019\/05\/goldman-kopia-1-768x768.jpg 768w\" sizes=\"(max-width: 800px) 100vw, 800px\" \/><figcaption>Goldman Sachs to globalna firma zajmuj\u0105ca si\u0119 bankowo\u015bci\u0105 inwestycyjn\u0105 i doradztwem finansowym, dzia\u0142aj\u0105ca w kilkudziesi\u0119ciu krajach na ca\u0142ym \u015bwiecie. Do grona jej klient\u00f3w nale\u017c\u0105 rz\u0105dy, instytucje publiczne oraz najwi\u0119ksze firmy \u015bwiata. W naszym kraju obecna jest od maja 2011 roku i od tego czasu bierze aktywny udzia\u0142 w transformacji i rozwoju polskiej gospodarki. W ramach doradztwa finansowego specjalizuje si\u0119 w zagadnieniach takich jak fuzje i przej\u0119cia, gwarantowanie emisji papier\u00f3w warto\u015bciowych, zarz\u0105dzanie aktywami i portfelami inwestycyjnymi.<br><br><br><\/figcaption><\/figure>\n","protected":false},"excerpt":{"rendered":"<p>TEMAT PRZEWODNI: WYZWANIA MAKROEKONOMICZNE NAJBLI\u017bSZEJ DEKADY POLICYMAKERS: KEYNOTE SPEECH PROF. GRZEGORZ KO\u0141ODKO (CZTEROKROTNY WICEPREMIER I MINISTER FINANS\u00d3W) ECONOMISTS: PANEL I CZY OBSERWUJEMY\/MO\u017bEMY M\u00d3WI\u0106 O ZA\u0141AMANIU INTEGRACJI MI\u0118DZYNARODOWEJ W WYMIARZE GOSPODARCZYM? Przez ostatnie dekady obserwowali\u015bmy wzrost powi\u0105za\u0144 mi\u0119dzynarodowych o charakterze gospodarczym. Mia\u0142y one swoje odzwierciedlenie zar\u00f3wno w gospodarce realnej, jak i w sektorze finansowym. Jednak w&hellip;&nbsp;<a href=\"https:\/\/www.kongresmakroekonomiczny.pl\/index.php\/v-kongres-makroekonomiczny\/\" class=\"\" rel=\"bookmark\">Czytaj wi\u0119cej &raquo;<span class=\"screen-reader-text\">V KONGRES MAKROEKONOMICZNY<\/span><\/a><\/p>\n","protected":false},"author":1,"featured_media":0,"parent":0,"menu_order":0,"comment_status":"closed","ping_status":"closed","template":"","meta":[],"_links":{"self":[{"href":"https:\/\/www.kongresmakroekonomiczny.pl\/index.php\/wp-json\/wp\/v2\/pages\/705"}],"collection":[{"href":"https:\/\/www.kongresmakroekonomiczny.pl\/index.php\/wp-json\/wp\/v2\/pages"}],"about":[{"href":"https:\/\/www.kongresmakroekonomiczny.pl\/index.php\/wp-json\/wp\/v2\/types\/page"}],"author":[{"embeddable":true,"href":"https:\/\/www.kongresmakroekonomiczny.pl\/index.php\/wp-json\/wp\/v2\/users\/1"}],"replies":[{"embeddable":true,"href":"https:\/\/www.kongresmakroekonomiczny.pl\/index.php\/wp-json\/wp\/v2\/comments?post=705"}],"version-history":[{"count":2,"href":"https:\/\/www.kongresmakroekonomiczny.pl\/index.php\/wp-json\/wp\/v2\/pages\/705\/revisions"}],"predecessor-version":[{"id":743,"href":"https:\/\/www.kongresmakroekonomiczny.pl\/index.php\/wp-json\/wp\/v2\/pages\/705\/revisions\/743"}],"wp:attachment":[{"href":"https:\/\/www.kongresmakroekonomiczny.pl\/index.php\/wp-json\/wp\/v2\/media?parent=705"}],"curies":[{"name":"wp","href":"https:\/\/api.w.org\/{rel}","templated":true}]}}